{"id":1684,"date":"2020-09-03T14:54:16","date_gmt":"2020-09-03T12:54:16","guid":{"rendered":"https:\/\/fc-bergedorf85.de\/?page_id=1684"},"modified":"2021-03-27T17:44:10","modified_gmt":"2021-03-27T16:44:10","slug":"vereinsgeschichte","status":"publish","type":"page","link":"https:\/\/fc-bergedorf85.de\/?page_id=1684","title":{"rendered":"Vereinsgeschichte"},"content":{"rendered":"\t\t<div data-elementor-type=\"wp-page\" data-elementor-id=\"1684\" class=\"elementor elementor-1684\" data-elementor-settings=\"[]\">\n\t\t\t\t\t\t<div class=\"elementor-inner\">\n\t\t\t\t\t\t\t<div class=\"elementor-section-wrap\">\n\t\t\t\t\t\t\t<section class=\"elementor-section elementor-top-section elementor-element elementor-element-d7d8b56 elementor-section-height-min-height elementor-section-boxed elementor-section-height-default elementor-section-items-middle\" data-id=\"d7d8b56\" data-element_type=\"section\" data-settings=\"{&quot;background_background&quot;:&quot;classic&quot;}\">\n\t\t\t\t\t\t\t<div class=\"elementor-background-overlay\"><\/div>\n\t\t\t\t\t\t\t<div class=\"elementor-container elementor-column-gap-default\">\n\t\t\t\t\t\t\t<div class=\"elementor-row\">\n\t\t\t\t\t<div class=\"elementor-column elementor-col-100 elementor-top-column elementor-element elementor-element-fd69444\" data-id=\"fd69444\" data-element_type=\"column\">\n\t\t\t<div class=\"elementor-column-wrap elementor-element-populated\">\n\t\t\t\t\t\t\t<div class=\"elementor-widget-wrap\">\n\t\t\t\t\t\t<div class=\"elementor-element elementor-element-abcc2f2 elementor-widget elementor-widget-heading\" data-id=\"abcc2f2\" data-element_type=\"widget\" data-widget_type=\"heading.default\">\n\t\t\t\t<div class=\"elementor-widget-container\">\n\t\t\t<h1 class=\"elementor-heading-title elementor-size-default\">vereinsgeschichte<\/h1>\t\t<\/div>\n\t\t\t\t<\/div>\n\t\t\t\t\t\t<\/div>\n\t\t\t\t\t<\/div>\n\t\t<\/div>\n\t\t\t\t\t\t\t\t<\/div>\n\t\t\t\t\t<\/div>\n\t\t<\/section>\n\t\t\t\t<section class=\"elementor-section elementor-top-section elementor-element elementor-element-5c40d7b elementor-section-boxed elementor-section-height-default elementor-section-height-default\" data-id=\"5c40d7b\" data-element_type=\"section\">\n\t\t\t\t\t\t<div class=\"elementor-container elementor-column-gap-default\">\n\t\t\t\t\t\t\t<div class=\"elementor-row\">\n\t\t\t\t\t<div class=\"elementor-column elementor-col-50 elementor-top-column elementor-element elementor-element-2ebbf9c\" data-id=\"2ebbf9c\" data-element_type=\"column\">\n\t\t\t<div class=\"elementor-column-wrap elementor-element-populated\">\n\t\t\t\t\t\t\t<div class=\"elementor-widget-wrap\">\n\t\t\t\t\t\t<div class=\"elementor-element elementor-element-fe195c7 elementor-widget elementor-widget-heading\" data-id=\"fe195c7\" data-element_type=\"widget\" data-widget_type=\"heading.default\">\n\t\t\t\t<div class=\"elementor-widget-container\">\n\t\t\t<h2 class=\"elementor-heading-title elementor-size-default\">Gr\u00fcndung 2009<\/h2>\t\t<\/div>\n\t\t\t\t<\/div>\n\t\t\t\t<div class=\"elementor-element elementor-element-dc051dd elementor-widget-divider--view-line elementor-widget elementor-widget-divider\" data-id=\"dc051dd\" data-element_type=\"widget\" data-widget_type=\"divider.default\">\n\t\t\t\t<div class=\"elementor-widget-container\">\n\t\t\t\t\t<div class=\"elementor-divider\">\n\t\t\t<span class=\"elementor-divider-separator\">\n\t\t\t\t\t\t<\/span>\n\t\t<\/div>\n\t\t\t\t<\/div>\n\t\t\t\t<\/div>\n\t\t\t\t<div class=\"elementor-element elementor-element-e5f497e elementor-widget elementor-widget-text-editor\" data-id=\"e5f497e\" data-element_type=\"widget\" data-widget_type=\"text-editor.default\">\n\t\t\t\t<div class=\"elementor-widget-container\">\n\t\t\t\t\t<div class=\"elementor-text-editor elementor-clearfix\"><p>Die Fu\u00dfballabteilung des ASV Bergedorf 85 beschloss am 19. Juni 2009 sich von ihrem Alt-Verein zu trennen und mit dem neugegr\u00fcndeten FC Bergedorf 85 per notariell beglaubigtem Vertrag zu fusionieren. Sowohl die Herren- als auch die Frauenmannschaft des Vereins \u00fcbernahmen die Pl\u00e4tze der Mannschaften des ASV in der f\u00fcnftklassigen\u00a0<a title=\"Fu\u00dfball-Oberliga Hamburg\" href=\"https:\/\/de.wikipedia.org\/wiki\/Fu%C3%9Fball-Oberliga_Hamburg\" target=\"_blank\" rel=\"noopener\">Oberliga Hamburg<\/a>\u00a0bzw. Nord-Staffel der drittklassigen\u00a0<a title=\"Fu\u00dfball-Regionalliga (Frauen)\" href=\"https:\/\/de.wikipedia.org\/wiki\/Fu%C3%9Fball-Regionalliga_(Frauen)\" target=\"_blank\" rel=\"noopener\">Frauen-Regionalliga<\/a>.<\/p><\/div>\n\t\t\t\t<\/div>\n\t\t\t\t<\/div>\n\t\t\t\t<div class=\"elementor-element elementor-element-5dcd18a elementor-widget elementor-widget-text-editor\" data-id=\"5dcd18a\" data-element_type=\"widget\" data-widget_type=\"text-editor.default\">\n\t\t\t\t<div class=\"elementor-widget-container\">\n\t\t\t\t\t<div class=\"elementor-text-editor elementor-clearfix\"><\/div>\n\t\t\t\t<\/div>\n\t\t\t\t<\/div>\n\t\t\t\t\t\t<\/div>\n\t\t\t\t\t<\/div>\n\t\t<\/div>\n\t\t\t\t<div class=\"elementor-column elementor-col-50 elementor-top-column elementor-element elementor-element-e5fdae0\" data-id=\"e5fdae0\" data-element_type=\"column\">\n\t\t\t<div class=\"elementor-column-wrap elementor-element-populated\">\n\t\t\t\t\t\t\t<div class=\"elementor-widget-wrap\">\n\t\t\t\t\t\t<div class=\"elementor-element elementor-element-96b5b53 elementor-widget elementor-widget-image\" data-id=\"96b5b53\" data-element_type=\"widget\" data-widget_type=\"image.default\">\n\t\t\t\t<div class=\"elementor-widget-container\">\n\t\t\t\t\t<div class=\"elementor-image\">\n\t\t\t\t\t\t\t\t\t\t<img width=\"5613\" height=\"4459\" src=\"https:\/\/fc-bergedorf85.de\/wp-content\/uploads\/2020\/09\/B85_schwarz_kleiner-01.png\" class=\"attachment-full size-full\" alt=\"\" loading=\"lazy\" srcset=\"https:\/\/fc-bergedorf85.de\/wp-content\/uploads\/2020\/09\/B85_schwarz_kleiner-01.png 5613w, https:\/\/fc-bergedorf85.de\/wp-content\/uploads\/2020\/09\/B85_schwarz_kleiner-01-300x238.png 300w, https:\/\/fc-bergedorf85.de\/wp-content\/uploads\/2020\/09\/B85_schwarz_kleiner-01-1024x813.png 1024w, https:\/\/fc-bergedorf85.de\/wp-content\/uploads\/2020\/09\/B85_schwarz_kleiner-01-768x610.png 768w, https:\/\/fc-bergedorf85.de\/wp-content\/uploads\/2020\/09\/B85_schwarz_kleiner-01-1536x1220.png 1536w, https:\/\/fc-bergedorf85.de\/wp-content\/uploads\/2020\/09\/B85_schwarz_kleiner-01-2048x1627.png 2048w\" sizes=\"(max-width: 5613px) 100vw, 5613px\" \/>\t\t\t\t\t\t\t\t\t\t\t<\/div>\n\t\t\t\t<\/div>\n\t\t\t\t<\/div>\n\t\t\t\t\t\t<\/div>\n\t\t\t\t\t<\/div>\n\t\t<\/div>\n\t\t\t\t\t\t\t\t<\/div>\n\t\t\t\t\t<\/div>\n\t\t<\/section>\n\t\t\t\t<section class=\"elementor-section elementor-top-section elementor-element elementor-element-e90a943 elementor-section-boxed elementor-section-height-default elementor-section-height-default\" data-id=\"e90a943\" data-element_type=\"section\">\n\t\t\t\t\t\t<div class=\"elementor-container elementor-column-gap-default\">\n\t\t\t\t\t\t\t<div class=\"elementor-row\">\n\t\t\t\t\t<div class=\"elementor-column elementor-col-50 elementor-top-column elementor-element elementor-element-2126f92\" data-id=\"2126f92\" data-element_type=\"column\">\n\t\t\t<div class=\"elementor-column-wrap elementor-element-populated\">\n\t\t\t\t\t\t\t<div class=\"elementor-widget-wrap\">\n\t\t\t\t\t\t<div class=\"elementor-element elementor-element-43a347a elementor-widget elementor-widget-heading\" data-id=\"43a347a\" data-element_type=\"widget\" data-widget_type=\"heading.default\">\n\t\t\t\t<div class=\"elementor-widget-container\">\n\t\t\t<h4 class=\"elementor-heading-title elementor-size-default\">DIE ERFOLGE DES VEREINES<\/h4>\t\t<\/div>\n\t\t\t\t<\/div>\n\t\t\t\t<div class=\"elementor-element elementor-element-7818b1a elementor-widget-divider--view-line elementor-widget elementor-widget-divider\" data-id=\"7818b1a\" data-element_type=\"widget\" data-widget_type=\"divider.default\">\n\t\t\t\t<div class=\"elementor-widget-container\">\n\t\t\t\t\t<div class=\"elementor-divider\">\n\t\t\t<span class=\"elementor-divider-separator\">\n\t\t\t\t\t\t<\/span>\n\t\t<\/div>\n\t\t\t\t<\/div>\n\t\t\t\t<\/div>\n\t\t\t\t<div class=\"elementor-element elementor-element-d8f9f49 elementor-widget elementor-widget-text-editor\" data-id=\"d8f9f49\" data-element_type=\"widget\" data-widget_type=\"text-editor.default\">\n\t\t\t\t<div class=\"elementor-widget-container\">\n\t\t\t\t\t<div class=\"elementor-text-editor elementor-clearfix\"><p>Sein erfolgreichstes Jahr hatte der Verein in der Saison 2011\/12, als beide Mannschaften in ihren jeweiligen Klassen die Vizemeisterschaft errangen. Am Ende der Saison 2012\/13 musste die Herrenmannschaft den Abstieg in die sechstklassige\u00a0<a title=\"Fu\u00dfball-Landesliga Hamburg\" href=\"https:\/\/de.wikipedia.org\/wiki\/Fu%C3%9Fball-Landesliga_Hamburg\" target=\"_blank\" rel=\"noopener\">Landesliga Hamburg<\/a>\u00a0hinnehmen. Ein Jahr sp\u00e4ter wurden die 85er in die Bezirksliga durchgereicht, aus welcher sie jedoch 2015 in die Landesliga zur\u00fcckkehrten. Die Frauenmannschaft wurde 2015 Vizemeister hinter dem\u00a0<a title=\"SV Henstedt-Ulzburg\" href=\"https:\/\/de.wikipedia.org\/wiki\/SV_Henstedt-Ulzburg\" target=\"_blank\" rel=\"noopener\">SV Henstedt-Ulzburg<\/a>.\u00a0<\/p><\/div>\n\t\t\t\t<\/div>\n\t\t\t\t<\/div>\n\t\t\t\t<div class=\"elementor-element elementor-element-9e54541 elementor-widget elementor-widget-text-editor\" data-id=\"9e54541\" data-element_type=\"widget\" data-widget_type=\"text-editor.default\">\n\t\t\t\t<div class=\"elementor-widget-container\">\n\t\t\t\t\t<div class=\"elementor-text-editor elementor-clearfix\"><\/div>\n\t\t\t\t<\/div>\n\t\t\t\t<\/div>\n\t\t\t\t\t\t<\/div>\n\t\t\t\t\t<\/div>\n\t\t<\/div>\n\t\t\t\t<div class=\"elementor-column elementor-col-50 elementor-top-column elementor-element elementor-element-e03a328\" data-id=\"e03a328\" data-element_type=\"column\">\n\t\t\t<div class=\"elementor-column-wrap elementor-element-populated\">\n\t\t\t\t\t\t\t<div class=\"elementor-widget-wrap\">\n\t\t\t\t\t\t<div class=\"elementor-element elementor-element-903c186 elementor-widget elementor-widget-heading\" data-id=\"903c186\" data-element_type=\"widget\" data-widget_type=\"heading.default\">\n\t\t\t\t<div class=\"elementor-widget-container\">\n\t\t\t<h4 class=\"elementor-heading-title elementor-size-default\">2015 Pokalspiel: Bramfelder SV - FC Bergedorf 85 <\/h4>\t\t<\/div>\n\t\t\t\t<\/div>\n\t\t\t\t<div class=\"elementor-element elementor-element-619115e elementor-widget-divider--view-line elementor-widget elementor-widget-divider\" data-id=\"619115e\" data-element_type=\"widget\" data-widget_type=\"divider.default\">\n\t\t\t\t<div class=\"elementor-widget-container\">\n\t\t\t\t\t<div class=\"elementor-divider\">\n\t\t\t<span class=\"elementor-divider-separator\">\n\t\t\t\t\t\t<\/span>\n\t\t<\/div>\n\t\t\t\t<\/div>\n\t\t\t\t<\/div>\n\t\t\t\t<div class=\"elementor-element elementor-element-f0d270d elementor-aspect-ratio-169 elementor-widget elementor-widget-video\" data-id=\"f0d270d\" data-element_type=\"widget\" data-settings=\"{&quot;youtube_url&quot;:&quot;https:\\\/\\\/www.youtube.com\\\/watch?v=I3O2RHsX2sA&amp;ab_channel=ELBKICK.TV&quot;,&quot;autoplay&quot;:&quot;yes&quot;,&quot;play_on_mobile&quot;:&quot;yes&quot;,&quot;mute&quot;:&quot;yes&quot;,&quot;video_type&quot;:&quot;youtube&quot;,&quot;controls&quot;:&quot;yes&quot;,&quot;aspect_ratio&quot;:&quot;169&quot;}\" data-widget_type=\"video.default\">\n\t\t\t\t<div class=\"elementor-widget-container\">\n\t\t\t\t\t<div class=\"elementor-wrapper elementor-fit-aspect-ratio elementor-open-inline\">\n\t\t\t<div class=\"elementor-video\"><\/div>\t\t<\/div>\n\t\t\t\t<\/div>\n\t\t\t\t<\/div>\n\t\t\t\t\t\t<\/div>\n\t\t\t\t\t<\/div>\n\t\t<\/div>\n\t\t\t\t\t\t\t\t<\/div>\n\t\t\t\t\t<\/div>\n\t\t<\/section>\n\t\t\t\t\t\t<\/div>\n\t\t\t\t\t\t<\/div>\n\t\t\t\t\t<\/div>\n\t\t","protected":false},"excerpt":{"rendered":"<p>vereinsgeschichte Gr\u00fcndung 2009 Die Fu\u00dfballabteilung des ASV Bergedorf 85 beschloss am 19. Juni 2009 sich von ihrem Alt-Verein zu trennen und mit dem neugegr\u00fcndeten FC Bergedorf 85 per notariell beglaubigtem Vertrag zu fusionieren. Sowohl die Herren- als auch die Frauenmannschaft des Vereins \u00fcbernahmen die Pl\u00e4tze der Mannschaften des ASV in der f\u00fcnftklassigen\u00a0Oberliga Hamburg\u00a0bzw. Nord-Staffel der &hellip;<\/p>\n<p class=\"read-more\"> <a class=\"\" href=\"https:\/\/fc-bergedorf85.de\/?page_id=1684\"> <span class=\"screen-reader-text\">Vereinsgeschichte<\/span> Weiterlesen &raquo;<\/a><\/p>\n","protected":false},"author":1,"featured_media":0,"parent":0,"menu_order":0,"comment_status":"closed","ping_status":"closed","template":"","meta":[],"uagb_featured_image_src":{"full":false,"thumbnail":false,"medium":false,"medium_large":false,"large":false,"1536x1536":false,"2048x2048":false},"uagb_author_info":{"display_name":"Erdal","author_link":"https:\/\/fc-bergedorf85.de\/?author=1"},"uagb_comment_info":0,"uagb_excerpt":"vereinsgeschichte Gr\u00fcndung 2009 Die Fu\u00dfballabteilung des ASV Bergedorf 85 beschloss am 19. Juni 2009 sich von ihrem Alt-Verein zu trennen und mit dem neugegr\u00fcndeten FC Bergedorf 85 per notariell beglaubigtem Vertrag zu fusionieren. Sowohl die Herren- als auch die Frauenmannschaft des Vereins \u00fcbernahmen die Pl\u00e4tze der Mannschaften des ASV in der f\u00fcnftklassigen\u00a0Oberliga Hamburg\u00a0bzw. Nord-Staffel der&hellip;","_links":{"self":[{"href":"https:\/\/fc-bergedorf85.de\/index.php?rest_route=\/wp\/v2\/pages\/1684"}],"collection":[{"href":"https:\/\/fc-bergedorf85.de\/index.php?rest_route=\/wp\/v2\/pages"}],"about":[{"href":"https:\/\/fc-bergedorf85.de\/index.php?rest_route=\/wp\/v2\/types\/page"}],"author":[{"embeddable":true,"href":"https:\/\/fc-bergedorf85.de\/index.php?rest_route=\/wp\/v2\/users\/1"}],"replies":[{"embeddable":true,"href":"https:\/\/fc-bergedorf85.de\/index.php?rest_route=%2Fwp%2Fv2%2Fcomments&post=1684"}],"version-history":[{"count":26,"href":"https:\/\/fc-bergedorf85.de\/index.php?rest_route=\/wp\/v2\/pages\/1684\/revisions"}],"predecessor-version":[{"id":2597,"href":"https:\/\/fc-bergedorf85.de\/index.php?rest_route=\/wp\/v2\/pages\/1684\/revisions\/2597"}],"wp:attachment":[{"href":"https:\/\/fc-bergedorf85.de\/index.php?rest_route=%2Fwp%2Fv2%2Fmedia&parent=1684"}],"curies":[{"name":"wp","href":"https:\/\/api.w.org\/{rel}","templated":true}]}}